{"id":128,"date":"2020-07-23T20:41:47","date_gmt":"2020-07-23T20:41:47","guid":{"rendered":"http:\/\/nbscia.mightymiramichi.ca\/?page_id=128"},"modified":"2026-03-25T18:09:59","modified_gmt":"2026-03-25T18:09:59","slug":"locales","status":"publish","type":"page","link":"https:\/\/www.nbscia.ca\/fr\/locales\/","title":{"rendered":"Locales"},"content":{"rendered":"\n<h1>\n\t\t\t AASCNB\t<\/h1>\n<h2>\n\t\t\tAm\u00e9lioration de la durabilit\u00e9<br \/>des sols et des cultures au<br \/>Nouveau-Brunswick\t<\/h2>\n\n\t<p>La province est compos\u00e9e de 7 associations locales de sols et de cultures, \u00e9galement appel\u00e9es tous simplement locales. Chacun de ces sections locales est couvert par l&rsquo;un de nos six Agronomes. Certaines locales ont \u00e9galement de l&rsquo;\u00e9quipement \u00e0 louer pour diff\u00e9rents prix.<\/p>\n\t<strong>\u00c9quipement \u00e0 louer :<br \/>\n<\/strong><br \/>\n<strong>Comt\u00e9 de Carleton<\/strong><br \/>\nSemoir Vredo sans labour &#8211; $15\/acre<br \/>\nContact: Wietze Dykstra, (506) 375-1090\n<strong>Chignecto<\/strong><br \/>\nSemoir \u00e0 ma\u00efs \u00e0 6 rangs<br \/>\nContact: Dean Acton, (506)379-0024\n<strong>Central<\/strong><br \/>\nSemoir sans labour Vredo: 45$\/hour<br \/>\nContact: Andre Brilman, (506) 447-1870\n<figure itemscope itemtype=\"https:\/\/schema.org\/ImageObject\">\n\t\t\t\t<img decoding=\"async\" src=\"https:\/\/www.nbscia.ca\/wp-content\/uploads\/2020\/07\/locals-map2.jpg\" alt=\"locals-map2\" height=\"465\" width=\"475\" title=\"locals-map2\" onerror=\"this.style.display='none'\" loading=\"lazy\" \/>\n\t<\/figure>\n<h2>\n\t\t\tCarleton\t<\/h2>\n\tAndrew Sytsma<br \/>\n(506) 245-2220<br \/>\n<a href=\"mailto:carleton@nbscia.ca\">carleton@nbscia.ca<\/a>\n<h2>\n\t\t\tCentral\t<\/h2>\n\t<p><a href=\"mailto:central@nbscia.ca\">central<\/a><a href=\"mailto:central@nbscia.ca\">@nbscia.ca<\/a><\/p>\n<h2>\n\t\t\tKings\t<\/h2>\n\tJoseph Graham<br \/>\n(506) 567-0224<br \/>\n<a href=\"mailto:kings@nbscia.ca\">kings@nbscia.ca<\/a>\n<h2>\n\t\t\tMoncton-Chignecto\t<\/h2>\n\tBeverly Booth<br \/>\n(506) 364-2853<br \/>\n<a href=\"mailto:moncton@nbscia.ca\">moncton@nbscia.ca<\/a>\n<h2>\n\t\t\tNorthwest\t<\/h2>\n\tJean Mars Jean Francois<br \/>\n(581) 459-7075<br \/>\n<a href=\"mailto:nwno@nbscia.ca\">nwno@nbscia.ca<\/a>\n<h2>\n\t\t\tNorthshore\t<\/h2>\n\tGabrielle Schenkels<br \/>\n(506) 625-7718<br \/>\n<a href=\"mailto:northshore@nbscia.ca\">northshore@nbscia.ca<\/a>\n\n","protected":false},"excerpt":{"rendered":"<p>AASCNB Am\u00e9lioration de la durabilit\u00e9des sols et des cultures auNouveau-Brunswick La province est compos\u00e9e de 7 associations locales de sols et de cultures, \u00e9galement appel\u00e9es tous simplement locales. Chacun de&hellip;<\/p>\n","protected":false},"author":2,"featured_media":0,"parent":0,"menu_order":0,"comment_status":"closed","ping_status":"closed","template":"","meta":{"footnotes":""},"class_list":["post-128","page","type-page","status-publish","hentry"],"_links":{"self":[{"href":"https:\/\/www.nbscia.ca\/fr\/wp-json\/wp\/v2\/pages\/128","targetHints":{"allow":["GET"]}}],"collection":[{"href":"https:\/\/www.nbscia.ca\/fr\/wp-json\/wp\/v2\/pages"}],"about":[{"href":"https:\/\/www.nbscia.ca\/fr\/wp-json\/wp\/v2\/types\/page"}],"author":[{"embeddable":true,"href":"https:\/\/www.nbscia.ca\/fr\/wp-json\/wp\/v2\/users\/2"}],"replies":[{"embeddable":true,"href":"https:\/\/www.nbscia.ca\/fr\/wp-json\/wp\/v2\/comments?post=128"}],"version-history":[{"count":21,"href":"https:\/\/www.nbscia.ca\/fr\/wp-json\/wp\/v2\/pages\/128\/revisions"}],"predecessor-version":[{"id":2859,"href":"https:\/\/www.nbscia.ca\/fr\/wp-json\/wp\/v2\/pages\/128\/revisions\/2859"}],"wp:attachment":[{"href":"https:\/\/www.nbscia.ca\/fr\/wp-json\/wp\/v2\/media?parent=128"}],"curies":[{"name":"wp","href":"https:\/\/api.w.org\/{rel}","templated":true}]}}